{"id":582,"date":"2024-03-29T14:39:13","date_gmt":"2024-03-29T13:39:13","guid":{"rendered":"https:\/\/bnks.sk\/?page_id=582"},"modified":"2024-04-07T20:10:30","modified_gmt":"2024-04-07T18:10:30","slug":"subpage-1","status":"publish","type":"page","link":"https:\/\/bnks.sk\/index.php\/services\/subpage-1\/","title":{"rendered":"Automatick\u00e9 Hasiace Syst\u00e9my"},"content":{"rendered":"\n<div class=\"wp-block-group alignwide has-global-padding is-layout-constrained wp-block-group-is-layout-constrained\" style=\"padding-top:63px\">\n<div class=\"wp-block-group alignwide has-global-padding is-content-justification-left is-layout-constrained wp-container-core-group-is-layout-140d55dc wp-block-group-is-layout-constrained\" style=\"margin-top:147px;margin-bottom:25px\">\n<h3 class=\"wp-block-heading alignwide has-text-align-left o-typing-slower has-text-color has-link-color has-lato-font-family wp-elements-710b7b3e45258fb5f5ea8375243d5acb\" style=\"color:#ffffff;margin-top:139px;font-size:clamp(24.034px, 1.502rem + ((1vw - 3.2px) * 1.814), 40px);\">AUTOMATICK\u00c9 HASIACE SYST\u00c9MY<\/h3>\n\n\n\n<div class=\"wp-block-group alignwide is-vertical is-content-justification-left is-layout-flex wp-container-core-group-is-layout-cc6397aa wp-block-group-is-layout-flex\" style=\"margin-top:0px;margin-bottom:0px;padding-top:0px;padding-right:0px;padding-bottom:0px;padding-left:0px\">\n<p class=\"has-text-align-left has-custom-color-1-color has-text-color has-link-color has-lato-font-family wp-elements-a1ac6a1c9ab1e23cef31c183fcfd34f5\" style=\"margin-top:0px;margin-right:0px;margin-bottom:0px;margin-left:0px;padding-top:0px;padding-right:0px;padding-bottom:0px;padding-left:0px;font-size:clamp(14px, 0.875rem + ((1vw - 3.2px) * 0.114), 15px);font-style:normal;font-weight:600;text-transform:uppercase\">\u201eOhe\u0148 nem\u00e1 z\u013eutovanie. Nedovo\u013ete preto, aby sa Va\u0161e sny rozplynuli v k\u00fadoloch<br>dymu. Chr\u00e1\u0148te to najcennej\u0161ie za pomoci osved\u010den\u00fdch technol\u00f3gi\u00ed u\u017e dnes.\u201c<\/p>\n<\/div>\n<\/div>\n\n\n\n<div class=\"wp-block-columns alignwide is-layout-flex wp-container-core-columns-is-layout-53016f74 wp-block-columns-is-layout-flex\" style=\"border-left-color:#ffffff;border-left-width:2px;margin-top:0px;margin-bottom:113px;padding-top:0px;padding-right:0px;padding-bottom:0px;padding-left:0px\">\n<div class=\"wp-block-column is-vertically-aligned-center has-global-padding is-content-justification-left is-layout-constrained wp-container-core-column-is-layout-7d503c2f wp-block-column-is-layout-constrained\" style=\"padding-left:25px\">\n<p class=\"has-text-color has-link-color wp-elements-baed5b5384394d5cbb8f1518dcbc5329\" style=\"color:#cccccc;font-size:clamp(14px, 0.875rem + ((1vw - 3.2px) * 0.114), 15px);\">V r\u00e1mci \u0161irok\u00e9ho portf\u00f3lia na\u0161ich elektroin\u0161tala\u010dn\u00fdch slu\u017eieb poskytujeme certifikovan\u00e9 zabezpe\u010dovacie syst\u00e9my pre V\u00e1\u0161 domov aj firmu. Navrhneme a in\u0161talujeme protipo\u017eiarne rie\u0161enia pre budovy akejko\u013evek ve\u013ekosti a funkcie. Okrem s\u00faladu s aktu\u00e1lnymi stavebno-technick\u00fdmi normami, pon\u00fakame dlhoro\u010dn\u00e9 know-how v r\u00e1mci silnopr\u00fadovej aj slabopr\u00fadovej elektrotechniky, z\u00e1rove\u0148 unik\u00e1tne z\u00e1zemie &#8211; rovnako hardv\u00e9rovej, ako aj softv\u00e9rovej spolo\u010dnosti.<\/p>\n<\/div>\n<\/div>\n<\/div>\n\n\n\n<div class=\"wp-block-group alignfull has-global-padding is-layout-constrained wp-block-group-is-layout-constrained\" style=\"margin-top:0px;margin-bottom:0px\">\n<div class=\"wp-block-cover alignfull\" style=\"margin-top:0px;margin-bottom:0px;padding-top:0px;padding-right:0px;padding-bottom:0px;padding-left:0px;min-height:292px;aspect-ratio:unset;\"><span aria-hidden=\"true\" class=\"wp-block-cover__background has-custom-r-me-ky-a-pozad-background-color has-background-dim-100 has-background-dim\"><\/span><div class=\"wp-block-cover__inner-container has-global-padding is-layout-constrained wp-container-core-cover-is-layout-ae02faf7 wp-block-cover-is-layout-constrained\">\n<div class=\"wp-block-group alignwide has-global-padding is-layout-constrained wp-block-group-is-layout-constrained\" style=\"margin-top:80px;margin-bottom:200px\">\n<div class=\"wp-block-media-text alignwide is-stacked-on-mobile is-image-fill ticss-3e651b85 animated fadeIn delay-100ms slower\" style=\"margin-top:142px;margin-right:142px;margin-bottom:142px;margin-left:142px;padding-left:18px;grid-template-columns:45% auto\"><figure class=\"wp-block-media-text__media\" style=\"background-image:url(https:\/\/bnks.sk\/wp-content\/uploads\/2024\/02\/Richard_the_Geek_circuitboard_texture_pattern_458185df-67d2-46d8-a071-4855e81cbff1.png);background-position:50% 50%\"><img loading=\"lazy\" decoding=\"async\" width=\"1024\" height=\"1024\" src=\"https:\/\/bnks.sk\/wp-content\/uploads\/2024\/02\/Richard_the_Geek_circuitboard_texture_pattern_458185df-67d2-46d8-a071-4855e81cbff1.png\" alt=\"\" class=\"wp-image-130 size-full\" srcset=\"https:\/\/bnks.sk\/wp-content\/uploads\/2024\/02\/Richard_the_Geek_circuitboard_texture_pattern_458185df-67d2-46d8-a071-4855e81cbff1.png 1024w, https:\/\/bnks.sk\/wp-content\/uploads\/2024\/02\/Richard_the_Geek_circuitboard_texture_pattern_458185df-67d2-46d8-a071-4855e81cbff1-300x300.png 300w, https:\/\/bnks.sk\/wp-content\/uploads\/2024\/02\/Richard_the_Geek_circuitboard_texture_pattern_458185df-67d2-46d8-a071-4855e81cbff1-150x150.png 150w, https:\/\/bnks.sk\/wp-content\/uploads\/2024\/02\/Richard_the_Geek_circuitboard_texture_pattern_458185df-67d2-46d8-a071-4855e81cbff1-768x768.png 768w\" sizes=\"auto, (max-width: 1024px) 100vw, 1024px\" \/><\/figure><div class=\"wp-block-media-text__content\">\n<div class=\"wp-block-group is-vertical is-layout-flex wp-container-core-group-is-layout-e4b3f42f wp-block-group-is-layout-flex\" style=\"margin-top:65px;margin-bottom:55px\">\n<div class=\"wp-block-group is-vertical is-layout-flex wp-container-core-group-is-layout-91b54b4f wp-block-group-is-layout-flex\">\n<h2 class=\"wp-block-heading has-text-color has-link-color wp-elements-27378cecdaa8642eb22858c61d18a4bd\" style=\"color:#ffffff;margin-top:0px;margin-right:0px;margin-bottom:0px;margin-left:0px;padding-top:0px;padding-right:0px;padding-bottom:0px;padding-left:0px;font-size:clamp(18.959px, 1.185rem + ((1vw - 3.2px) * 1.255), 30px);\">EPS<\/h2>\n\n\n\n<h4 class=\"wp-block-heading has-custom-color-1-color has-text-color has-link-color wp-elements-0c1aa96b5954a41894df5a034dc553ab\" style=\"margin-top:0px;margin-right:0px;margin-bottom:0px;margin-left:0px;padding-top:0px;padding-right:0px;padding-bottom:0px;padding-left:0px;font-size:clamp(14px, 0.875rem + ((1vw - 3.2px) * 0.227), 16px);text-transform:uppercase\"><strong>Elektronick\u00e1 po\u017eiarna signaliz\u00e1cia<\/strong><\/h4>\n<\/div>\n\n\n\n<div class=\"wp-block-group is-vertical is-layout-flex wp-container-core-group-is-layout-212e089d wp-block-group-is-layout-flex\" style=\"margin-top:15px\">\n<p class=\"has-text-color has-link-color has-system-font-font-family wp-elements-9cfbe9656d434dd4522217cf5f8afc65\" style=\"color:#cdcdcd;font-size:clamp(14px, 0.875rem + ((1vw - 3.2px) * 0.114), 15px);\">Elektronick\u00e1 po\u017eiarna signaliz\u00e1cia je protipo\u017eiarne zariadenie (respekt\u00edve s\u00fastava technick\u00fdch prostriedkov), ktor\u00e9 prim\u00e1rne sl\u00fa\u017ei\/a na rozpoznanie vzniku po\u017eiaru a v\u010dasn\u00e9 varovanie os\u00f4b.<\/p>\n\n\n\n<p class=\"has-text-color has-link-color has-system-font-font-family wp-elements-d125403996122564f0fa7eed352eccd2\" style=\"color:#cdcdcd;font-size:clamp(14px, 0.875rem + ((1vw - 3.2px) * 0.114), 15px);\">EPS v\u010faka citliv\u00fdm sn\u00edma\u010dom nepretr\u017eite monitoruje priestor, pri\u010dom v pr\u00edpade detekcie po\u017eiaru m\u00e1 za \u00falohu reagova\u0165 zvukovou a optickou signaliz\u00e1ciou. V z\u00e1vislosti od jeho konfigur\u00e1cie, syst\u00e9m EPS zalarmuje osoby ur\u010den\u00e9 na v\u00fdkon protipo\u017eiarneho z\u00e1sahu, pr\u00edpadne uvedie do \u010dinnosti zariadenia, ktor\u00e9 akt\u00edvne a\/alebo pas\u00edvne br\u00e1nia \u0161\u00edreniu po\u017eiaru.<\/p>\n\n\n\n<p class=\"has-text-color has-link-color has-system-font-font-family wp-elements-124c4362c06dfbb887f0ae3c583a730c\" style=\"color:#cdcdcd;font-size:clamp(14px, 0.875rem + ((1vw - 3.2px) * 0.114), 15px);\">Syst\u00e9m EPS b\u00fdva naj\u010dastej\u0161ie viazan\u00fd na \u010fal\u0161ie po\u017eiarno-bezpe\u010dnostn\u00e9 proced\u00fary, ak\u00fdmi s\u00fa napr\u00edklad aktiv\u00e1cia samo\u010dinn\u00fdch hasiacich zariaden\u00ed, automatick\u00e9 odpojenie pr\u00edvodu elektriny, deaktiv\u00e1cia vzduchotechniky, n\u00fadzov\u00e9 uzatvorenie pr\u00edvodu plynu, spr\u00edstupnenie evakua\u010dn\u00fdch ciest a podobne.<\/p>\n\n\n\n<p class=\"has-text-color has-link-color has-system-font-font-family wp-elements-6ac16ff11d0c92eecd4887ad9fa3c4b9\" style=\"color:#cdcdcd;font-size:clamp(14px, 0.875rem + ((1vw - 3.2px) * 0.114), 15px);\">Tak\u00fdto protipo\u017eiarny syst\u00e9m b\u00fdva spravidla navrhovan\u00fd individu\u00e1lne \u2013 v z\u00e1vislosti od vyu\u017eitia objektu, jeho protipo\u017eiarnych parametrov, na z\u00e1klade potenci\u00e1lnych pr\u00ed\u010din vzniku po\u017eiaru, eventu\u00e1lnej dynamiky rozvoja po\u017eiaru, ch\u00e9mie horenia, prenosu tepla at\u010f.<\/p>\n<\/div>\n<\/div>\n<\/div><\/div>\n\n\n\n<div class=\"wp-block-media-text alignwide has-media-on-the-right is-stacked-on-mobile is-vertically-aligned-center is-image-fill ticss-efb508ad animated fadeIn delay-100ms slower\" style=\"margin-top:130px;margin-right:0px;margin-bottom:0px;margin-left:0px;padding-top:0px;padding-right:51px;padding-bottom:0px;padding-left:0px;grid-template-columns:auto 45%\"><div class=\"wp-block-media-text__content\">\n<div class=\"wp-block-group is-horizontal is-content-justification-left is-layout-flex wp-container-core-group-is-layout-4bd464b9 wp-block-group-is-layout-flex\" style=\"margin-top:65px;margin-bottom:55px;padding-right:5px;padding-left:0px\">\n<div class=\"wp-block-group is-vertical is-content-justification-left is-layout-flex wp-container-core-group-is-layout-2a90c685 wp-block-group-is-layout-flex\" style=\"margin-top:0px;margin-bottom:0px\">\n<div class=\"wp-block-group is-vertical is-layout-flex wp-container-core-group-is-layout-974530cb wp-block-group-is-layout-flex\" style=\"margin-top:0px;margin-bottom:10px;padding-top:0px;padding-right:0px;padding-bottom:0px;padding-left:0px\">\n<h3 class=\"wp-block-heading has-text-color has-link-color wp-elements-ce0a7d3c5dc15dc5b40f1e2527b71528\" style=\"color:#ffffff;margin-top:0px;margin-right:0px;margin-bottom:0px;margin-left:0px;padding-top:0px;padding-right:0px;padding-bottom:0px;padding-left:0px;font-size:clamp(18.959px, 1.185rem + ((1vw - 3.2px) * 1.255), 30px);\"><strong><strong>HSP<\/strong><\/strong><\/h3>\n\n\n\n<h4 class=\"wp-block-heading has-custom-color-1-color has-text-color has-link-color wp-elements-1fb544b8fb8fae30803d338b55ccb1c1\" style=\"margin-top:0px;margin-right:0px;margin-bottom:0px;margin-left:0px;padding-top:0px;padding-right:0px;padding-bottom:0px;padding-left:0px;font-size:clamp(14px, 0.875rem + ((1vw - 3.2px) * 0.227), 16px);text-transform:uppercase\"><strong><strong>Hlasov\u00e1 signaliz\u00e1cia po\u017eiaru<\/strong><\/strong><\/h4>\n<\/div>\n\n\n\n<div class=\"wp-block-group is-vertical is-layout-flex wp-container-core-group-is-layout-5f9f5280 wp-block-group-is-layout-flex\">\n<p class=\"has-text-color has-link-color has-system-font-font-family wp-elements-100cd4fcb080a46e3b77dc255e640c17\" style=\"color:#cfcfcf;font-size:clamp(14px, 0.875rem + ((1vw - 3.2px) * 0.114), 15px);\">Nie je tajomstvom, \u017ee strach a panika vedia neraz sp\u00f4sobi\u0165 viac \u0161kody, ako samotn\u00e1 kr\u00edzov\u00e1 situ\u00e1cia. HSP, alebo Hlasov\u00e1 signaliz\u00e1cia po\u017eiaru sa preto vyu\u017e\u00edva najm\u00e4 v priestoroch, kde je predpoklad zv\u00fd\u0161enej koncentr\u00e1cie os\u00f4b.<br>HSP chr\u00e1ni predov\u0161etk\u00fdm zdravie a \u017eivoty \u013eud\u00ed. \u010ci u\u017e ide o n\u00e1kupn\u00e9 centr\u00e1, hotely, priemyseln\u00e9 a polyfunk\u010dn\u00e9 objekty \u2013 \u00falohou syst\u00e9mu HSP je v prvom rade bezpe\u010dn\u00e1 evaku\u00e1ciu os\u00f4b z ohrozen\u00fdch priestorov.<\/p>\n\n\n\n<p class=\"has-text-color has-link-color has-system-font-font-family wp-elements-ca6a00202adb15d8d337355e5c57e993\" style=\"color:#cfcfcf;margin-top:0px;margin-right:0px;margin-bottom:0px;margin-left:0px;padding-top:0px;padding-right:0px;padding-bottom:0px;padding-left:0px;font-size:clamp(14px, 0.875rem + ((1vw - 3.2px) * 0.114), 15px);\"><br>Syst\u00e9m HSP naj\u010dastej\u0161ie informuje \u013eud\u00ed nach\u00e1dzaj\u00facich sa v objekte formou hlasov\u00fdch evakua\u010dn\u00fdch spr\u00e1v, ktor\u00e9 m\u00f4\u017eu by\u0165 reprodukovan\u00e9 v r\u00f4znych jazykoch. V \u010dase mimo ohrozenia m\u00f4\u017ee by\u0165 tento syst\u00e9m vyu\u017e\u00edvan\u00fd na sprostredkovanie technick\u00fdch hl\u00e1sen\u00ed, hovoren\u00fa reklamu, pr\u00edpadne na reprodukciu ambientn\u00fdch zvukov alebo hudby.<\/p>\n<\/div>\n<\/div>\n<\/div>\n<\/div><figure class=\"wp-block-media-text__media\" style=\"background-image:url(https:\/\/bnks.sk\/wp-content\/uploads\/2024\/02\/EwkinKot_A_beautiful_digital_art_of_a_modern_financial_trading__524792fb-6d05-4776-b7da-99c957c7a5d7-edited-1024x768.png);background-position:100% 60%\"><img loading=\"lazy\" decoding=\"async\" width=\"1024\" height=\"768\" src=\"https:\/\/bnks.sk\/wp-content\/uploads\/2024\/02\/EwkinKot_A_beautiful_digital_art_of_a_modern_financial_trading__524792fb-6d05-4776-b7da-99c957c7a5d7-edited-1024x768.png\" alt=\"\" class=\"wp-image-404 size-full\" srcset=\"https:\/\/bnks.sk\/wp-content\/uploads\/2024\/02\/EwkinKot_A_beautiful_digital_art_of_a_modern_financial_trading__524792fb-6d05-4776-b7da-99c957c7a5d7-edited-1024x768.png 1024w, https:\/\/bnks.sk\/wp-content\/uploads\/2024\/02\/EwkinKot_A_beautiful_digital_art_of_a_modern_financial_trading__524792fb-6d05-4776-b7da-99c957c7a5d7-edited-300x225.png 300w, https:\/\/bnks.sk\/wp-content\/uploads\/2024\/02\/EwkinKot_A_beautiful_digital_art_of_a_modern_financial_trading__524792fb-6d05-4776-b7da-99c957c7a5d7-edited-768x576.png 768w, https:\/\/bnks.sk\/wp-content\/uploads\/2024\/02\/EwkinKot_A_beautiful_digital_art_of_a_modern_financial_trading__524792fb-6d05-4776-b7da-99c957c7a5d7-edited.png 1365w\" sizes=\"auto, (max-width: 1024px) 100vw, 1024px\" \/><\/figure><\/div>\n<\/div>\n<\/div><\/div>\n<\/div>\n","protected":false},"excerpt":{"rendered":"<p>AUTOMATICK\u00c9 HASIACE SYST\u00c9MY \u201eOhe\u0148 nem\u00e1 z\u013eutovanie. Nedovo\u013ete preto, aby sa Va\u0161e sny rozplynuli v k\u00fadolochdymu. Chr\u00e1\u0148te to najcennej\u0161ie za pomoci osved\u010den\u00fdch technol\u00f3gi\u00ed u\u017e dnes.\u201c V r\u00e1mci \u0161irok\u00e9ho portf\u00f3lia na\u0161ich elektroin\u0161tala\u010dn\u00fdch slu\u017eieb poskytujeme certifikovan\u00e9 zabezpe\u010dovacie syst\u00e9my pre V\u00e1\u0161 domov aj firmu. Navrhneme a in\u0161talujeme protipo\u017eiarne rie\u0161enia pre budovy akejko\u013evek ve\u013ekosti a funkcie. Okrem s\u00faladu s aktu\u00e1lnymi [&hellip;]<\/p>\n","protected":false},"author":1,"featured_media":0,"parent":41,"menu_order":0,"comment_status":"closed","ping_status":"closed","template":"","meta":{"_themeisle_gutenberg_block_has_review":false,"footnotes":""},"class_list":["post-582","page","type-page","status-publish","hentry"],"_links":{"self":[{"href":"https:\/\/bnks.sk\/index.php\/wp-json\/wp\/v2\/pages\/582","targetHints":{"allow":["GET"]}}],"collection":[{"href":"https:\/\/bnks.sk\/index.php\/wp-json\/wp\/v2\/pages"}],"about":[{"href":"https:\/\/bnks.sk\/index.php\/wp-json\/wp\/v2\/types\/page"}],"author":[{"embeddable":true,"href":"https:\/\/bnks.sk\/index.php\/wp-json\/wp\/v2\/users\/1"}],"replies":[{"embeddable":true,"href":"https:\/\/bnks.sk\/index.php\/wp-json\/wp\/v2\/comments?post=582"}],"version-history":[{"count":73,"href":"https:\/\/bnks.sk\/index.php\/wp-json\/wp\/v2\/pages\/582\/revisions"}],"predecessor-version":[{"id":2422,"href":"https:\/\/bnks.sk\/index.php\/wp-json\/wp\/v2\/pages\/582\/revisions\/2422"}],"up":[{"embeddable":true,"href":"https:\/\/bnks.sk\/index.php\/wp-json\/wp\/v2\/pages\/41"}],"wp:attachment":[{"href":"https:\/\/bnks.sk\/index.php\/wp-json\/wp\/v2\/media?parent=582"}],"curies":[{"name":"wp","href":"https:\/\/api.w.org\/{rel}","templated":true}]}}